{"id":10,"date":"2026-01-27T15:51:39","date_gmt":"2026-01-27T15:51:39","guid":{"rendered":"https:\/\/inmobiliariagardi.rkinformatika.online\/?page_id=10"},"modified":"2026-01-28T10:22:43","modified_gmt":"2026-01-28T10:22:43","slug":"inicio","status":"publish","type":"page","link":"https:\/\/inmobiliariagardi.com\/en\/","title":{"rendered":"Home"},"content":{"rendered":"<div data-elementor-type=\"wp-page\" data-elementor-id=\"10\" class=\"elementor elementor-10\" data-elementor-post-type=\"page\">\n\t\t\t\t<div class=\"elementor-element elementor-element-0931196 animated-slow e-flex e-con-boxed elementor-invisible e-con e-parent\" data-id=\"0931196\" data-element_type=\"container\" data-e-type=\"container\" data-settings=\"{&quot;background_background&quot;:&quot;classic&quot;,&quot;animation&quot;:&quot;zoomIn&quot;}\">\n\t\t\t\t\t<div class=\"e-con-inner\">\n\t\t\t\t<div class=\"elementor-element elementor-element-f9ff08a elementor-widget elementor-widget-video\" data-id=\"f9ff08a\" data-element_type=\"widget\" data-e-type=\"widget\" data-settings=\"{&quot;video_type&quot;:&quot;hosted&quot;,&quot;autoplay&quot;:&quot;yes&quot;,&quot;play_on_mobile&quot;:&quot;yes&quot;,&quot;loop&quot;:&quot;yes&quot;}\" data-widget_type=\"video.default\">\n\t\t\t\t\t\t\t<div class=\"e-hosted-video elementor-wrapper elementor-open-inline\">\n\t\t\t\t\t<video class=\"elementor-video\" src=\"https:\/\/inmobiliariagardi.com\/wp-content\/uploads\/2026\/01\/6457400_People_Cloud_House_1280x720.mp4\" autoplay=\"\" loop=\"\" playsinline=\"\" controlslist=\"nodownload\"><\/video>\n\t\t\t\t<\/div>\n\t\t\t\t\t\t<\/div>\n\t\t\t\t\t<\/div>\n\t\t\t\t<\/div>\n\t\t<div class=\"elementor-element elementor-element-3ae074c e-flex e-con-boxed e-con e-parent\" data-id=\"3ae074c\" data-element_type=\"container\" data-e-type=\"container\">\n\t\t\t\t\t<div class=\"e-con-inner\">\n\t\t<div class=\"elementor-element elementor-element-fe21ca0 e-con-full animated-slow e-flex elementor-invisible e-con e-child\" data-id=\"fe21ca0\" data-element_type=\"container\" data-e-type=\"container\" data-settings=\"{&quot;animation&quot;:&quot;slideInUp&quot;}\">\n\t\t\t\t<div class=\"elementor-element elementor-element-7df1222 elementor-view-stacked elementor-shape-circle elementor-position-block-start elementor-mobile-position-block-start elementor-widget elementor-widget-icon-box\" data-id=\"7df1222\" data-element_type=\"widget\" data-e-type=\"widget\" data-widget_type=\"icon-box.default\">\n\t\t\t\t\t\t\t<div class=\"elementor-icon-box-wrapper\">\n\n\t\t\t\t\t\t<div class=\"elementor-icon-box-icon\">\n\t\t\t\t<span  class=\"elementor-icon\">\n\t\t\t\t<svg xmlns=\"http:\/\/www.w3.org\/2000\/svg\" id=\"&#x421;&#x43B;&#x43E;&#x439;_1\" viewbox=\"0 0 100 100\"><path d=\"m83.173 100h-22.333c-1.381 0-2.5-1.119-2.5-2.5v-26.976h-16.68v26.976c0 1.381-1.119 2.5-2.5 2.5h-22.333c-1.381 0-2.5-1.119-2.5-2.5v-48.974c0-.663.263-1.299.732-1.768l33.173-33.173c.976-.977 2.559-.977 3.535 0l33.173 33.173c.469.469.732 1.104.732 1.768v48.974c.001 1.381-1.118 2.5-2.499 2.5zm-19.833-5h17.333v-45.438l-30.673-30.673-30.673 30.673v45.438h17.333v-26.976c0-1.381 1.119-2.5 2.5-2.5h21.68c1.381 0 2.5 1.119 2.5 2.5z\"><\/path><path d=\"m99.268 48.232-47.5-47.5c-.977-.977-2.56-.977-3.535 0l-12.983 12.983v-5.382c0-1.381-1.119-2.5-2.5-2.5h-10c-1.381 0-2.5 1.119-2.5 2.5v20.219c0 .05.012.098.015.147l-19.533 19.533c-.977.976-.977 2.559 0 3.535.976.977 2.56.977 3.535 0l29.769-29.767c.348-.21.638-.5.848-.848l15.116-15.116 45.732 45.732c.489.488 1.128.732 1.768.732s1.279-.244 1.768-.732c.976-.976.976-2.56 0-3.536zm-74.018-37.399h5v7.881l-5 5z\"><\/path><\/svg>\t\t\t\t<\/span>\n\t\t\t<\/div>\n\t\t\t\n\t\t\t\t\t\t<div class=\"elementor-icon-box-content\">\n\n\t\t\t\t\t\t\t\t\t<h3 class=\"elementor-icon-box-title\">\n\t\t\t\t\t\t<span  >\n\t\t\t\t\t\t\tAbout Us:\t\t\t\t\t\t<\/span>\n\t\t\t\t\t<\/h3>\n\t\t\t\t\n\t\t\t\t\t\t\t\t\t<p class=\"elementor-icon-box-description\">\n\t\t\t\t\t\tWe are a company with over 20 years of experience in the real estate sector, dedicated to turning projects into realities and guiding our clients through one of the most important decisions of their lives.\n\nThroughout our history, we have helped many people find the home that makes them happy, listening to their needs, understanding their dreams, and guiding them with honesty and personalized attention every step of the way.\n\nBut our work goes beyond simply buying a home. We also support those who wish to become investors, helping them build solid real estate portfolios designed to offer monthly returns that align with their goals and needs.\n\nOur philosophy is based on trust, experience, and personalized service. We believe that every client is unique and that every transaction should provide real value, both personally and financially.\n\nBecause for us, the real estate sector is not just about selling properties: it's about creating homes, generating opportunities, and building a future.\t\t\t\t\t<\/p>\n\t\t\t\t\n\t\t\t<\/div>\n\t\t\t\n\t\t<\/div>\n\t\t\t\t\t\t<\/div>\n\t\t\t\t<div class=\"elementor-element elementor-element-2c2688e elementor-align-center elementor-hidden-mobile elementor-widget elementor-widget-button\" data-id=\"2c2688e\" data-element_type=\"widget\" data-e-type=\"widget\" data-widget_type=\"button.default\">\n\t\t\t\t\t\t\t\t\t\t<a class=\"elementor-button elementor-button-link elementor-size-sm elementor-animation-grow\" href=\"https:\/\/inmobiliariagardi.com\/en\/servicios\/\">\n\t\t\t\t\t\t<span class=\"elementor-button-content-wrapper\">\n\t\t\t\t\t\t\t\t\t<span class=\"elementor-button-text\">Services<\/span>\n\t\t\t\t\t<\/span>\n\t\t\t\t\t<\/a>\n\t\t\t\t\t\t\t\t<\/div>\n\t\t\t\t<\/div>\n\t\t\t\t\t<\/div>\n\t\t\t\t<\/div>\n\t\t<div class=\"elementor-element elementor-element-7e75efb elementor-hidden-desktop elementor-hidden-tablet e-flex e-con-boxed e-con e-parent\" data-id=\"7e75efb\" data-element_type=\"container\" data-e-type=\"container\" data-settings=\"{&quot;background_background&quot;:&quot;classic&quot;}\">\n\t\t\t\t\t<div class=\"e-con-inner\">\n\t\t\t\t<div class=\"elementor-element elementor-element-24076bd elementor-widget__width-initial elementor-widget elementor-widget-video\" data-id=\"24076bd\" data-element_type=\"widget\" data-e-type=\"widget\" data-settings=\"{&quot;video_type&quot;:&quot;hosted&quot;,&quot;autoplay&quot;:&quot;yes&quot;,&quot;loop&quot;:&quot;yes&quot;}\" data-widget_type=\"video.default\">\n\t\t\t\t\t\t\t<div class=\"e-hosted-video elementor-wrapper elementor-open-inline\">\n\t\t\t\t\t<video class=\"elementor-video\" src=\"https:\/\/inmobiliariagardi.com\/wp-content\/uploads\/2026\/01\/Diseno-sin-titulo-5.mp4\" autoplay=\"\" loop=\"\" controlslist=\"nodownload\"><\/video>\n\t\t\t\t<\/div>\n\t\t\t\t\t\t<\/div>\n\t\t\t\t<div class=\"elementor-element elementor-element-e8fcbe7 elementor-align-center elementor-widget elementor-widget-button\" data-id=\"e8fcbe7\" data-element_type=\"widget\" data-e-type=\"widget\" data-widget_type=\"button.default\">\n\t\t\t\t\t\t\t\t\t\t<a class=\"elementor-button elementor-button-link elementor-size-sm elementor-animation-grow\" href=\"https:\/\/inmobiliariagardi.com\/en\/servicios\/\">\n\t\t\t\t\t\t<span class=\"elementor-button-content-wrapper\">\n\t\t\t\t\t\t\t\t\t<span class=\"elementor-button-text\">Services<\/span>\n\t\t\t\t\t<\/span>\n\t\t\t\t\t<\/a>\n\t\t\t\t\t\t\t\t<\/div>\n\t\t\t\t\t<\/div>\n\t\t\t\t<\/div>\n\t\t\t\t<\/div>","protected":false},"excerpt":{"rendered":"<p>https:\/\/inmobiliariagardi.com\/wp-content\/uploads\/2026\/01\/6457400_People_Cloud_House_1280x720.mp4 Sobre Nosotros: Somos una empresa con m\u00e1s de 20 a\u00f1os de experiencia en el sector inmobiliario, dedicada a convertir proyectos en realidades y a acompa\u00f1ar a nuestros clientes en una de las decisiones m\u00e1s importantes de su vida. A lo largo de nuestra trayectoria, hemos ayudado a muchas personas a encontrar la casa que [&hellip;]<\/p>\n","protected":false},"author":1,"featured_media":0,"parent":0,"menu_order":0,"comment_status":"closed","ping_status":"closed","template":"elementor_canvas","meta":{"footnotes":""},"class_list":["post-10","page","type-page","status-publish","hentry"],"yoast_head":"<!-- This site is optimized with the Yoast SEO plugin v27.5 - https:\/\/yoast.com\/product\/yoast-seo-wordpress\/ -->\n<title>Inicio - Inmobiliaria Gardi<\/title>\n<meta name=\"robots\" content=\"index, follow, max-snippet:-1, max-image-preview:large, max-video-preview:-1\" \/>\n<link rel=\"canonical\" href=\"https:\/\/inmobiliariagardi.com\/en\/\" \/>\n<meta property=\"og:locale\" content=\"en_GB\" \/>\n<meta property=\"og:type\" content=\"article\" \/>\n<meta property=\"og:title\" content=\"Inicio - Inmobiliaria Gardi\" \/>\n<meta property=\"og:description\" content=\"https:\/\/inmobiliariagardi.com\/wp-content\/uploads\/2026\/01\/6457400_People_Cloud_House_1280x720.mp4 Sobre Nosotros: Somos una empresa con m\u00e1s de 20 a\u00f1os de experiencia en el sector inmobiliario, dedicada a convertir proyectos en realidades y a acompa\u00f1ar a nuestros clientes en una de las decisiones m\u00e1s importantes de su vida. A lo largo de nuestra trayectoria, hemos ayudado a muchas personas a encontrar la casa que [&hellip;]\" \/>\n<meta property=\"og:url\" content=\"https:\/\/inmobiliariagardi.com\/en\/\" \/>\n<meta property=\"og:site_name\" content=\"Inmobiliaria Gardi\" \/>\n<meta property=\"article:modified_time\" content=\"2026-01-28T10:22:43+00:00\" \/>\n<meta name=\"twitter:card\" content=\"summary_large_image\" \/>\n<meta name=\"twitter:label1\" content=\"Estimated reading time\" \/>\n\t<meta name=\"twitter:data1\" content=\"1 minute\" \/>\n<script type=\"application\/ld+json\" class=\"yoast-schema-graph\">{\"@context\":\"https:\\\/\\\/schema.org\",\"@graph\":[{\"@type\":\"WebPage\",\"@id\":\"https:\\\/\\\/inmobiliariagardi.com\\\/\",\"url\":\"https:\\\/\\\/inmobiliariagardi.com\\\/\",\"name\":\"Inicio - Inmobiliaria Gardi\",\"isPartOf\":{\"@id\":\"https:\\\/\\\/inmobiliariagardi.com\\\/#website\"},\"datePublished\":\"2026-01-27T15:51:39+00:00\",\"dateModified\":\"2026-01-28T10:22:43+00:00\",\"breadcrumb\":{\"@id\":\"https:\\\/\\\/inmobiliariagardi.com\\\/#breadcrumb\"},\"inLanguage\":\"en-GB\",\"potentialAction\":[{\"@type\":\"ReadAction\",\"target\":[\"https:\\\/\\\/inmobiliariagardi.com\\\/\"]}]},{\"@type\":\"BreadcrumbList\",\"@id\":\"https:\\\/\\\/inmobiliariagardi.com\\\/#breadcrumb\",\"itemListElement\":[{\"@type\":\"ListItem\",\"position\":1,\"name\":\"Portada\",\"item\":\"https:\\\/\\\/inmobiliariagardi.com\\\/\"},{\"@type\":\"ListItem\",\"position\":2,\"name\":\"Inicio\"}]},{\"@type\":\"WebSite\",\"@id\":\"https:\\\/\\\/inmobiliariagardi.com\\\/#website\",\"url\":\"https:\\\/\\\/inmobiliariagardi.com\\\/\",\"name\":\"Inmobiliaria Gardi\",\"description\":\"Sector inmobiliario \",\"publisher\":{\"@id\":\"https:\\\/\\\/inmobiliariagardi.com\\\/#organization\"},\"potentialAction\":[{\"@type\":\"SearchAction\",\"target\":{\"@type\":\"EntryPoint\",\"urlTemplate\":\"https:\\\/\\\/inmobiliariagardi.com\\\/?s={search_term_string}\"},\"query-input\":{\"@type\":\"PropertyValueSpecification\",\"valueRequired\":true,\"valueName\":\"search_term_string\"}}],\"inLanguage\":\"en-GB\"},{\"@type\":\"Organization\",\"@id\":\"https:\\\/\\\/inmobiliariagardi.com\\\/#organization\",\"name\":\"Inmobiliaria Gardi\",\"url\":\"https:\\\/\\\/inmobiliariagardi.com\\\/\",\"logo\":{\"@type\":\"ImageObject\",\"inLanguage\":\"en-GB\",\"@id\":\"https:\\\/\\\/inmobiliariagardi.com\\\/#\\\/schema\\\/logo\\\/image\\\/\",\"url\":\"https:\\\/\\\/inmobiliariagardi.com\\\/wp-content\\\/uploads\\\/2026\\\/01\\\/cropped-inmobiliariagardi202512_logo_web.png\",\"contentUrl\":\"https:\\\/\\\/inmobiliariagardi.com\\\/wp-content\\\/uploads\\\/2026\\\/01\\\/cropped-inmobiliariagardi202512_logo_web.png\",\"width\":1080,\"height\":309,\"caption\":\"Inmobiliaria Gardi\"},\"image\":{\"@id\":\"https:\\\/\\\/inmobiliariagardi.com\\\/#\\\/schema\\\/logo\\\/image\\\/\"}}]}<\/script>\n<!-- \/ Yoast SEO plugin. -->","yoast_head_json":{"title":"Inicio - Inmobiliaria Gardi","robots":{"index":"index","follow":"follow","max-snippet":"max-snippet:-1","max-image-preview":"max-image-preview:large","max-video-preview":"max-video-preview:-1"},"canonical":"https:\/\/inmobiliariagardi.com\/en\/","og_locale":"en_GB","og_type":"article","og_title":"Inicio - Inmobiliaria Gardi","og_description":"https:\/\/inmobiliariagardi.com\/wp-content\/uploads\/2026\/01\/6457400_People_Cloud_House_1280x720.mp4 Sobre Nosotros: Somos una empresa con m\u00e1s de 20 a\u00f1os de experiencia en el sector inmobiliario, dedicada a convertir proyectos en realidades y a acompa\u00f1ar a nuestros clientes en una de las decisiones m\u00e1s importantes de su vida. A lo largo de nuestra trayectoria, hemos ayudado a muchas personas a encontrar la casa que [&hellip;]","og_url":"https:\/\/inmobiliariagardi.com\/en\/","og_site_name":"Inmobiliaria Gardi","article_modified_time":"2026-01-28T10:22:43+00:00","twitter_card":"summary_large_image","twitter_misc":{"Estimated reading time":"1 minute"},"schema":{"@context":"https:\/\/schema.org","@graph":[{"@type":"WebPage","@id":"https:\/\/inmobiliariagardi.com\/","url":"https:\/\/inmobiliariagardi.com\/","name":"Inicio - Inmobiliaria Gardi","isPartOf":{"@id":"https:\/\/inmobiliariagardi.com\/#website"},"datePublished":"2026-01-27T15:51:39+00:00","dateModified":"2026-01-28T10:22:43+00:00","breadcrumb":{"@id":"https:\/\/inmobiliariagardi.com\/#breadcrumb"},"inLanguage":"en-GB","potentialAction":[{"@type":"ReadAction","target":["https:\/\/inmobiliariagardi.com\/"]}]},{"@type":"BreadcrumbList","@id":"https:\/\/inmobiliariagardi.com\/#breadcrumb","itemListElement":[{"@type":"ListItem","position":1,"name":"Portada","item":"https:\/\/inmobiliariagardi.com\/"},{"@type":"ListItem","position":2,"name":"Inicio"}]},{"@type":"WebSite","@id":"https:\/\/inmobiliariagardi.com\/#website","url":"https:\/\/inmobiliariagardi.com\/","name":"Inmobiliaria Gardi","description":"Sector inmobiliario","publisher":{"@id":"https:\/\/inmobiliariagardi.com\/#organization"},"potentialAction":[{"@type":"SearchAction","target":{"@type":"EntryPoint","urlTemplate":"https:\/\/inmobiliariagardi.com\/?s={search_term_string}"},"query-input":{"@type":"PropertyValueSpecification","valueRequired":true,"valueName":"search_term_string"}}],"inLanguage":"en-GB"},{"@type":"Organization","@id":"https:\/\/inmobiliariagardi.com\/#organization","name":"Inmobiliaria Gardi","url":"https:\/\/inmobiliariagardi.com\/","logo":{"@type":"ImageObject","inLanguage":"en-GB","@id":"https:\/\/inmobiliariagardi.com\/#\/schema\/logo\/image\/","url":"https:\/\/inmobiliariagardi.com\/wp-content\/uploads\/2026\/01\/cropped-inmobiliariagardi202512_logo_web.png","contentUrl":"https:\/\/inmobiliariagardi.com\/wp-content\/uploads\/2026\/01\/cropped-inmobiliariagardi202512_logo_web.png","width":1080,"height":309,"caption":"Inmobiliaria Gardi"},"image":{"@id":"https:\/\/inmobiliariagardi.com\/#\/schema\/logo\/image\/"}}]}},"_links":{"self":[{"href":"https:\/\/inmobiliariagardi.com\/en\/wp-json\/wp\/v2\/pages\/10","targetHints":{"allow":["GET"]}}],"collection":[{"href":"https:\/\/inmobiliariagardi.com\/en\/wp-json\/wp\/v2\/pages"}],"about":[{"href":"https:\/\/inmobiliariagardi.com\/en\/wp-json\/wp\/v2\/types\/page"}],"author":[{"embeddable":true,"href":"https:\/\/inmobiliariagardi.com\/en\/wp-json\/wp\/v2\/users\/1"}],"replies":[{"embeddable":true,"href":"https:\/\/inmobiliariagardi.com\/en\/wp-json\/wp\/v2\/comments?post=10"}],"version-history":[{"count":88,"href":"https:\/\/inmobiliariagardi.com\/en\/wp-json\/wp\/v2\/pages\/10\/revisions"}],"predecessor-version":[{"id":204,"href":"https:\/\/inmobiliariagardi.com\/en\/wp-json\/wp\/v2\/pages\/10\/revisions\/204"}],"wp:attachment":[{"href":"https:\/\/inmobiliariagardi.com\/en\/wp-json\/wp\/v2\/media?parent=10"}],"curies":[{"name":"wp","href":"https:\/\/api.w.org\/{rel}","templated":true}]}}